{"id":2032,"date":"2022-08-15T06:34:53","date_gmt":"2022-08-15T06:34:53","guid":{"rendered":"http:\/\/luan.webrt.net\/dhanlighting\/?page_id=2032"},"modified":"2024-05-07T09:28:04","modified_gmt":"2024-05-07T09:28:04","slug":"gioi-thieu","status":"publish","type":"page","link":"https:\/\/webduc.vinastar.info\/?page_id=2032","title":{"rendered":"Gi\u1edbi thi\u1ec7u"},"content":{"rendered":"\t<section class=\"section gt_01\" id=\"section_949128043\">\n\t\t<div class=\"bg section-bg fill bg-fill bg-loaded bg-loaded\" >\n\n\t\t\t\n\t\t\t\n\t\t\t\n\n\t\t<\/div>\n\n\t\t\n\n\t\t<div class=\"section-content relative\">\n\t\t\t\n<div class=\"row row-collapse align-center\"  id=\"row-968495363\">\n\n\t<div id=\"col-1044131684\" class=\"col small-12 large-12\"  >\n\t\t\t\t<div class=\"col-inner\"  >\n\t\t\t\n\t\t\t\n \n    <div class=\"block__element_head\">\n              <h2 class=\"heading\">Th\u00f4ng tin gi\u1edbi thi\u1ec7u C\u1ee5c Tr\u1ebb em <span><\/span><\/h2>\n        <div class=\"gt-separate\"><i class=\"far fa-star\"><\/i><\/div>\n          <\/div>\n\n\t<div id=\"text-3677917343\" class=\"text\">\n\t\t\n<ol>\n<li>a) Th\u00f4ng tin v\u1ec1 C\u1ee5c v\u00e0 L\u00e3nh \u0111\u1ea1o C\u1ee5c<\/li>\n<\/ol>\n<p>&#8211; C\u1ee5c Tr\u1ebb em: S\u1ed1 35 \u0111\u01b0\u1eddng Tr\u1ea7n Ph\u00fa, ph\u01b0\u1eddng \u0110i\u1ec7n Bi\u00ean, qu\u1eadn Ba \u0110\u00ecnh, Th\u00e0nh ph\u1ed1 H\u00e0 N\u1ed9i; Website: <em>https:\/\/cuctreem.molisa.gov.vn<\/em><\/p>\n<p>&#8211; Gi\u1edbi thi\u1ec7u ch\u1ee9c n\u0103ng, nhi\u1ec7m v\u1ee5, quy\u1ec1n h\u1ea1n v\u00e0 c\u01a1 c\u1ea5u t\u1ed5 ch\u1ee9c c\u1ee7a C\u1ee5c Tr\u1ebb em v\u00e0 c\u00e1c \u0111\u01a1n v\u1ecb thu\u1ed9c C\u1ee5c.<\/p>\n<p>&#8211; \u0110\u0103ng t\u1ea3i to\u00e0n b\u1ed9 Quy\u1ebft \u0111\u1ecbnh 236\/Q\u0110-L\u0110TBXH k\u00fd ng\u00e0y 7\/3\/2023 Quy \u0111\u1ecbnh ch\u1ee9c n\u0103ng, nhi\u1ec7m v\u1ee5, quy\u1ec1n h\u1ea1n v\u00e0 c\u01a1 c\u1ea5u t\u1ed5 ch\u1ee9c c\u1ee7a C\u1ee5c Tr\u1ebb em.<\/p>\n<p>&#8211; T\u00f3m l\u01b0\u1ee3c l\u1ecbch s\u1eed h\u00ecnh th\u00e0nh v\u00e0 ph\u00e1t tri\u1ec3n c\u1ee7a C\u1ee5c qua c\u00e1c th\u1eddi k\u1ef3:<\/p>\n<p>+ N\u0103m 1960 Ban B\u00ed th\u01b0 Trung \u01b0\u01a1ng \u0110\u1ea3ng ban h\u00e0nh ch\u1ec9 th\u1ecb 197 CT\/TW v\u1ec1 C\u00f4ng t\u00e1c Thi\u1ebfu ni\u00ean, Nhi \u0111\u1ed3ng. \u1ee6y ban Thi\u1ebfu ni\u00ean, Nhi \u0111\u1ed3ng Vi\u1ec7t Nam \u0111\u01b0\u1ee3c th\u00e0nh l\u1eadp.<\/p>\n<p>+ N\u0103m 1994 \u1ee6y ban B\u1ea3o v\u1ec7, ch\u0103m s\u00f3c tr\u1ebb em \u0111\u01b0\u1ee3c th\u00e0nh l\u1eadp.<\/p>\n<p>+ N\u0103m 2002 \u1ee6y ban B\u1ea3o v\u1ec7, ch\u0103m s\u00f3c tr\u1ebb em s\u00e1p nh\u1eadp v\u1edbi \u1ee6y ban D\u00e2n s\u1ed1 k\u1ebf ho\u1ea1ch h\u00f3a gia \u0111\u00ecnh th\u00e0nh \u1ee6y ban D\u00e2n s\u1ed1, Gia \u0111\u00ecnh v\u00e0 Tr\u1ebb em.<\/p>\n<p>+ N\u0103m 2007 gi\u1ea3i th\u1ec3 \u1ee6y ban D\u00e2n s\u1ed1, Gia \u0111\u00ecnh v\u00e0 Tr\u1ebb em, C\u00f4ng t\u00e1c B\u1ea3o v\u1ec7, ch\u0103m s\u00f3c tr\u1ebb em chuy\u1ec3n v\u1ec1 B\u1ed9 Lao \u0111\u1ed9ng &#8211; Th\u01b0\u01a1ng binh v\u00e0 X\u00e3 h\u1ed9i tr\u1edf th\u00e0nh C\u1ee5c B\u1ea3o v\u1ec7, ch\u0103m s\u00f3c tr\u1ebb em.<\/p>\n<p>+ N\u0103m 2017 \u0111\u1ed5i t\u00ean th\u00e0nh C\u1ee5c Tr\u1ebb em, B\u1ed9 Lao \u0111\u1ed9ng &#8211; Th\u01b0\u01a1ng binh v\u00e0 X\u00e3 h\u1ed9i<\/p>\n<ol>\n<li>b) Th\u00f4ng tin v\u1ec1 c\u00e1c \u0111\u01a1n v\u1ecb tr\u1ef1c thu\u1ed9c C\u1ee5c<\/li>\n<\/ol>\n<p>&#8211; Ph\u00f2ng B\u1ea3o v\u1ec7 tr\u1ebb em<\/p>\n<p>+ Tr\u01b0\u1edfng ph\u00f2ng: Nguy\u1ec5n Th\u1ecb Kim Hoa<\/p>\n<p>+ \u0110i\u1ec7n tho\u1ea1i: 02437478459<\/p>\n<p>&#8211; Ph\u00f2ng Ch\u0103m s\u00f3c tr\u1ebb em<\/p>\n<p>+ Tr\u01b0\u1edfng ph\u00f2ng: Ch\u00e2u Th\u1ecb Minh Anh<\/p>\n<p>+ \u0110i\u1ec7n tho\u1ea1i: 02437478426<\/p>\n<p>&#8211; Ph\u00f2ng Ph\u00e1t tri\u1ec3n v\u00e0 Tham gia c\u1ee7a tr\u1ebb em<\/p>\n<p>+ Tr\u01b0\u1edfng ph\u00f2ng: Ph\u1ea1m Th\u1ecb Th\u1ee7y<\/p>\n<p>+ \u0110i\u1ec7n tho\u1ea1i: 02437478903<\/p>\n<p>&#8211; V\u0103n ph\u00f2ng<\/p>\n<p>+ Ch\u00e1nh V\u0103n ph\u00f2ng: V\u0169 Tr\u00f9ng D\u01b0\u01a1ng<\/p>\n<p>+ \u0110i\u1ec7n tho\u1ea1i: 02437475629<\/p>\n<p>&#8211; Trung t\u00e2m T\u01b0 v\u1ea5n v\u00e0 D\u1ecbch v\u1ee5 truy\u1ec1n th\u00f4ng (\u0111\u01a1n v\u1ecb s\u1ef1 nghi\u1ec7p c\u00f4ng l\u1eadp)<\/p>\n<p>+ Gi\u00e1m \u0111\u1ed1c: V\u0169 V\u0103n D\u0169ng<\/p>\n<p>+ \u0110i\u1ec7n tho\u1ea1i: 024.37173090<\/p>\n<ol>\n<li>c) Th\u00f4ng tin v\u1ec1 l\u00e3nh \u0111\u1ea1o C\u1ee5c<\/li>\n<\/ol>\n<p>&#8211; \u00d4ng \u0110\u1eb7ng Hoa Nam &#8211; C\u1ee5c tr\u01b0\u1edfng<\/p>\n<p>&#8211; B\u00e0 Nguy\u1ec5n Th\u1ecb Nga &#8211; Ph\u00f3 C\u1ee5c tr\u01b0\u1edfng<\/p>\n<p>&#8211; \u00d4ng V\u00f5 V\u0129nh Nam &#8211; Ph\u00f3 C\u1ee5c tr\u01b0\u1edfng<\/p>\n\t\t\n<style>\n#text-3677917343 {\n  color: rgb(34, 34, 34);\n}\n#text-3677917343 > * {\n  color: rgb(34, 34, 34);\n}\n<\/style>\n\t<\/div>\n\t\n\t\t<\/div>\n\t\t\t\t\t<\/div>\n\n\t\n\n\t<div id=\"col-733634990\" class=\"col medium-6 small-12 large-6\"  >\n\t\t\t\t<div class=\"col-inner\"  >\n\t\t\t\n\t\t\t\n\t<div class=\"img has-hover x md-x lg-x y md-y lg-y\" id=\"image_255412960\">\n\t\t\t\t\t\t\t\t<div class=\"img-inner dark\" >\n\t\t\t<img loading=\"lazy\" decoding=\"async\" width=\"591\" height=\"441\" src=\"https:\/\/webduc.vinastar.info\/wp-content\/uploads\/2024\/05\/image001.gif\" class=\"attachment-original size-original\" alt=\"\" \/>\t\t\t\t\t\t\n\t\t\t\t\t<\/div>\n\t\t\t\t\t\t\t\t\n<style>\n#image_255412960 {\n  width: 100%;\n}\n<\/style>\n\t<\/div>\n\t\n\t\t<\/div>\n\t\t\t\t\t<\/div>\n\n\t\n\n\t<div id=\"col-695987073\" class=\"col small-12 large-12\"  >\n\t\t\t\t<div class=\"col-inner\"  >\n\t\t\t\n\t\t\t\n<p>d) S\u01a1 \u0111\u1ed3 c\u01a1 c\u1ea5u t\u1ed5 ch\u1ee9c c\u1ee7a C\u1ee5c Tr\u1ebb em:<\/p>\n\t\t<\/div>\n\t\t\t\t\t<\/div>\n\n\t\n\n\t<div id=\"col-813026616\" class=\"col medium-6 small-12 large-6\"  >\n\t\t\t\t<div class=\"col-inner\"  >\n\t\t\t\n\t\t\t\n\t<div class=\"img has-hover x md-x lg-x y md-y lg-y\" id=\"image_562875910\">\n\t\t\t\t\t\t\t\t<div class=\"img-inner dark\" >\n\t\t\t<img loading=\"lazy\" decoding=\"async\" width=\"604\" height=\"453\" src=\"https:\/\/webduc.vinastar.info\/wp-content\/uploads\/2024\/05\/image002.gif\" class=\"attachment-original size-original\" alt=\"\" \/>\t\t\t\t\t\t\n\t\t\t\t\t<\/div>\n\t\t\t\t\t\t\t\t\n<style>\n#image_562875910 {\n  width: 100%;\n}\n<\/style>\n\t<\/div>\n\t\n\t\t<\/div>\n\t\t\t\t\t<\/div>\n\n\t\n<\/div>\n\t\t<\/div>\n\n\t\t\n<style>\n#section_949128043 {\n  padding-top: 80px;\n  padding-bottom: 80px;\n}\n<\/style>\n\t<\/section>\n\t\n","protected":false},"excerpt":{"rendered":"","protected":false},"author":1,"featured_media":0,"parent":0,"menu_order":10,"comment_status":"closed","ping_status":"closed","template":"","meta":{"inline_featured_image":false,"footnotes":""},"yoast_head":"<!-- This site is optimized with the Yoast SEO plugin v22.6 - https:\/\/yoast.com\/wordpress\/plugins\/seo\/ -->\n<title>Trang th\u00f4ng tin \u0111i\u1ec7n t\u1eed t\u1ed5ng h\u1ee3p tr\u00ean m\u1ea1ng C\u1ee5c tr\u1ebb em<\/title>\n<meta name=\"robots\" content=\"index, follow, max-snippet:-1, max-image-preview:large, max-video-preview:-1\" \/>\n<link rel=\"canonical\" href=\"https:\/\/webduc.vinastar.info\/?page_id=2032\" \/>\n<meta property=\"og:locale\" content=\"vi_VN\" \/>\n<meta property=\"og:type\" content=\"article\" \/>\n<meta property=\"og:title\" content=\"Trang th\u00f4ng tin \u0111i\u1ec7n t\u1eed t\u1ed5ng h\u1ee3p tr\u00ean m\u1ea1ng C\u1ee5c tr\u1ebb em\" \/>\n<meta property=\"og:url\" content=\"https:\/\/webduc.vinastar.info\/?page_id=2032\" \/>\n<meta property=\"og:site_name\" content=\"Trang th\u00f4ng tin \u0111i\u1ec7n t\u1eed t\u1ed5ng h\u1ee3p tr\u00ean m\u1ea1ng C\u1ee5c tr\u1ebb em\" \/>\n<meta property=\"article:modified_time\" content=\"2024-05-07T09:28:04+00:00\" \/>\n<meta name=\"twitter:card\" content=\"summary_large_image\" \/>\n<meta name=\"twitter:label1\" content=\"\u01af\u1edbc t\u00ednh th\u1eddi gian \u0111\u1ecdc\" \/>\n\t<meta name=\"twitter:data1\" content=\"2 ph\u00fat\" \/>\n<script type=\"application\/ld+json\" class=\"yoast-schema-graph\">{\"@context\":\"https:\/\/schema.org\",\"@graph\":[{\"@type\":\"WebPage\",\"@id\":\"https:\/\/webduc.vinastar.info\/?page_id=2032\",\"url\":\"https:\/\/webduc.vinastar.info\/?page_id=2032\",\"name\":\"Trang th\u00f4ng tin \u0111i\u1ec7n t\u1eed t\u1ed5ng h\u1ee3p tr\u00ean m\u1ea1ng C\u1ee5c tr\u1ebb em\",\"isPartOf\":{\"@id\":\"https:\/\/webduc.vinastar.info\/#website\"},\"datePublished\":\"2022-08-15T06:34:53+00:00\",\"dateModified\":\"2024-05-07T09:28:04+00:00\",\"breadcrumb\":{\"@id\":\"https:\/\/webduc.vinastar.info\/?page_id=2032#breadcrumb\"},\"inLanguage\":\"vi\",\"potentialAction\":[{\"@type\":\"ReadAction\",\"target\":[\"https:\/\/webduc.vinastar.info\/?page_id=2032\"]}]},{\"@type\":\"BreadcrumbList\",\"@id\":\"https:\/\/webduc.vinastar.info\/?page_id=2032#breadcrumb\",\"itemListElement\":[{\"@type\":\"ListItem\",\"position\":1,\"name\":\"Trang ch\u1ee7\",\"item\":\"https:\/\/webduc.vinastar.info\/\"},{\"@type\":\"ListItem\",\"position\":2,\"name\":\"Gi\u1edbi thi\u1ec7u\"}]},{\"@type\":\"WebSite\",\"@id\":\"https:\/\/webduc.vinastar.info\/#website\",\"url\":\"https:\/\/webduc.vinastar.info\/\",\"name\":\"Trang th\u00f4ng tin \u0111i\u1ec7n t\u1eed t\u1ed5ng h\u1ee3p tr\u00ean m\u1ea1ng C\u1ee5c tr\u1ebb em\",\"description\":\"\",\"potentialAction\":[{\"@type\":\"SearchAction\",\"target\":{\"@type\":\"EntryPoint\",\"urlTemplate\":\"https:\/\/webduc.vinastar.info\/?s={search_term_string}\"},\"query-input\":\"required name=search_term_string\"}],\"inLanguage\":\"vi\"}]}<\/script>\n<!-- \/ Yoast SEO plugin. -->","yoast_head_json":{"title":"Trang th\u00f4ng tin \u0111i\u1ec7n t\u1eed t\u1ed5ng h\u1ee3p tr\u00ean m\u1ea1ng C\u1ee5c tr\u1ebb em","robots":{"index":"index","follow":"follow","max-snippet":"max-snippet:-1","max-image-preview":"max-image-preview:large","max-video-preview":"max-video-preview:-1"},"canonical":"https:\/\/webduc.vinastar.info\/?page_id=2032","og_locale":"vi_VN","og_type":"article","og_title":"Trang th\u00f4ng tin \u0111i\u1ec7n t\u1eed t\u1ed5ng h\u1ee3p tr\u00ean m\u1ea1ng C\u1ee5c tr\u1ebb em","og_url":"https:\/\/webduc.vinastar.info\/?page_id=2032","og_site_name":"Trang th\u00f4ng tin \u0111i\u1ec7n t\u1eed t\u1ed5ng h\u1ee3p tr\u00ean m\u1ea1ng C\u1ee5c tr\u1ebb em","article_modified_time":"2024-05-07T09:28:04+00:00","twitter_card":"summary_large_image","twitter_misc":{"\u01af\u1edbc t\u00ednh th\u1eddi gian \u0111\u1ecdc":"2 ph\u00fat"},"schema":{"@context":"https:\/\/schema.org","@graph":[{"@type":"WebPage","@id":"https:\/\/webduc.vinastar.info\/?page_id=2032","url":"https:\/\/webduc.vinastar.info\/?page_id=2032","name":"Trang th\u00f4ng tin \u0111i\u1ec7n t\u1eed t\u1ed5ng h\u1ee3p tr\u00ean m\u1ea1ng C\u1ee5c tr\u1ebb em","isPartOf":{"@id":"https:\/\/webduc.vinastar.info\/#website"},"datePublished":"2022-08-15T06:34:53+00:00","dateModified":"2024-05-07T09:28:04+00:00","breadcrumb":{"@id":"https:\/\/webduc.vinastar.info\/?page_id=2032#breadcrumb"},"inLanguage":"vi","potentialAction":[{"@type":"ReadAction","target":["https:\/\/webduc.vinastar.info\/?page_id=2032"]}]},{"@type":"BreadcrumbList","@id":"https:\/\/webduc.vinastar.info\/?page_id=2032#breadcrumb","itemListElement":[{"@type":"ListItem","position":1,"name":"Trang ch\u1ee7","item":"https:\/\/webduc.vinastar.info\/"},{"@type":"ListItem","position":2,"name":"Gi\u1edbi thi\u1ec7u"}]},{"@type":"WebSite","@id":"https:\/\/webduc.vinastar.info\/#website","url":"https:\/\/webduc.vinastar.info\/","name":"Trang th\u00f4ng tin \u0111i\u1ec7n t\u1eed t\u1ed5ng h\u1ee3p tr\u00ean m\u1ea1ng C\u1ee5c tr\u1ebb em","description":"","potentialAction":[{"@type":"SearchAction","target":{"@type":"EntryPoint","urlTemplate":"https:\/\/webduc.vinastar.info\/?s={search_term_string}"},"query-input":"required name=search_term_string"}],"inLanguage":"vi"}]}},"_links":{"self":[{"href":"https:\/\/webduc.vinastar.info\/index.php?rest_route=\/wp\/v2\/pages\/2032"}],"collection":[{"href":"https:\/\/webduc.vinastar.info\/index.php?rest_route=\/wp\/v2\/pages"}],"about":[{"href":"https:\/\/webduc.vinastar.info\/index.php?rest_route=\/wp\/v2\/types\/page"}],"author":[{"embeddable":true,"href":"https:\/\/webduc.vinastar.info\/index.php?rest_route=\/wp\/v2\/users\/1"}],"replies":[{"embeddable":true,"href":"https:\/\/webduc.vinastar.info\/index.php?rest_route=%2Fwp%2Fv2%2Fcomments&post=2032"}],"version-history":[{"count":62,"href":"https:\/\/webduc.vinastar.info\/index.php?rest_route=\/wp\/v2\/pages\/2032\/revisions"}],"predecessor-version":[{"id":6367,"href":"https:\/\/webduc.vinastar.info\/index.php?rest_route=\/wp\/v2\/pages\/2032\/revisions\/6367"}],"wp:attachment":[{"href":"https:\/\/webduc.vinastar.info\/index.php?rest_route=%2Fwp%2Fv2%2Fmedia&parent=2032"}],"curies":[{"name":"wp","href":"https:\/\/api.w.org\/{rel}","templated":true}]}}