{"id":4634,"date":"2023-10-04T07:38:44","date_gmt":"2023-10-04T07:38:44","guid":{"rendered":"https:\/\/luan.webrt.net\/essen\/?page_id=4634"},"modified":"2024-06-08T04:28:45","modified_gmt":"2024-06-08T04:28:45","slug":"van-ban","status":"publish","type":"page","link":"https:\/\/webduc.vinastar.info\/?page_id=4634","title":{"rendered":"V\u0103n b\u1ea3n"},"content":{"rendered":"\t<section class=\"section chiendich_01\" id=\"section_146708920\">\n\t\t<div class=\"bg section-bg fill bg-fill bg-loaded \" >\n\n\t\t\t\n\t\t\t\n\t\t\t\n\n\t\t<\/div>\n\n\t\t\n\n\t\t<div class=\"section-content relative\">\n\t\t\t\n<div class=\"row row-collapse\"  id=\"row-637744012\">\n\n\t<div id=\"col-255581505\" class=\"col small-12 large-12\"  >\n\t\t\t\t<div class=\"col-inner\"  >\n\t\t\t\n\t\t\t\n \n    <div class=\"block__element_head\">\n              <h2 class=\"heading\">VNPR <span>2024<\/span><\/h2>\n        <div class=\"gt-separate\"><i class=\"far fa-star\"><\/i><\/div>\n          <\/div>\n\n<div class=\"row row-large\"  id=\"row-876887562\">\n\n\t<div id=\"col-2106522559\" class=\"col medium-6 small-6 large-6\"  >\n\t\t\t\t<div class=\"col-inner text-right\"  >\n\t\t\t\n\t\t\t\n<a href=\"#\" target=\"_self\" class=\"button primary\"  >\n    <span>Chi ti\u1ebft<\/span>\n  <\/a>\n\n\t\t<\/div>\n\t\t\t\t\t<\/div>\n\n\t\n\n\t<div id=\"col-1389585362\" class=\"col medium-6 small-6 large-6\"  >\n\t\t\t\t<div class=\"col-inner text-left\"  >\n\t\t\t\n\t\t\t\n<a href=\"#\" target=\"_self\" class=\"button primary\"  >\n    <span>\u0110\u0103ng k\u00fd ngay<\/span>\n  <\/a>\n\n\t\t<\/div>\n\t\t\t\t\t<\/div>\n\n\t\n<\/div>\n\t\t<\/div>\n\t\t\t\t\t<\/div>\n\n\t\n<\/div>\n\t\t<\/div>\n\n\t\t\n<style>\n#section_146708920 {\n  padding-top: 50px;\n  padding-bottom: 50px;\n}\n#section_146708920 .section-bg.bg-loaded {\n  background-image: url(https:\/\/webduc.vinastar.info\/wp-content\/uploads\/2024\/05\/phi_2493_kwjg-1920x1100-1.jpg);\n}\n@media (min-width:550px) {\n  #section_146708920 {\n    padding-top: 150px;\n    padding-bottom: 150px;\n  }\n}\n@media (min-width:850px) {\n  #section_146708920 {\n    padding-top: 350px;\n    padding-bottom: 350px;\n  }\n}\n<\/style>\n\t<\/section>\n\t\n\t<section class=\"section chiendich_02\" id=\"section_1810583403\">\n\t\t<div class=\"bg section-bg fill bg-fill bg-loaded bg-loaded\" >\n\n\t\t\t\n\t\t\t\n\t\t\t\n\n\t\t<\/div>\n\n\t\t\n\n\t\t<div class=\"section-content relative\">\n\t\t\t\n<div class=\"row row-collapse\"  id=\"row-1868899344\">\n\n\t<div id=\"col-1348216377\" class=\"col small-12 large-12\"  >\n\t\t\t\t<div class=\"col-inner\"  >\n\t\t\t\n\t\t\t\n \n    <div class=\"block__element_head\">\n              <h2 class=\"heading\">Chi\u1ebfn D\u1ecbch <span>N\u1ed5i B\u1eadt<\/span><\/h2>\n        <div class=\"gt-separate\"><i class=\"far fa-star\"><\/i><\/div>\n          <\/div>\n\n  <div class=\"news-block-widget-style-6\">\n      <\/div>\n\n\t\t<\/div>\n\t\t\t\t\t<\/div>\n\n\t\n<\/div>\n\t\t<\/div>\n\n\t\t\n<style>\n#section_1810583403 {\n  padding-top: 40px;\n  padding-bottom: 40px;\n}\n@media (min-width:550px) {\n  #section_1810583403 {\n    padding-top: 70px;\n    padding-bottom: 70px;\n  }\n}\n<\/style>\n\t<\/section>\n\t\n","protected":false},"excerpt":{"rendered":"","protected":false},"author":1,"featured_media":0,"parent":0,"menu_order":0,"comment_status":"closed","ping_status":"closed","template":"page-blank.php","meta":{"inline_featured_image":false,"footnotes":""},"yoast_head":"<!-- This site is optimized with the Yoast SEO plugin v22.6 - https:\/\/yoast.com\/wordpress\/plugins\/seo\/ -->\n<title>Trang th\u00f4ng tin \u0111i\u1ec7n t\u1eed t\u1ed5ng h\u1ee3p tr\u00ean m\u1ea1ng C\u1ee5c tr\u1ebb em<\/title>\n<meta name=\"robots\" content=\"index, follow, max-snippet:-1, max-image-preview:large, max-video-preview:-1\" \/>\n<link rel=\"canonical\" href=\"https:\/\/webduc.vinastar.info\/?page_id=4634\" \/>\n<meta property=\"og:locale\" content=\"vi_VN\" \/>\n<meta property=\"og:type\" content=\"article\" \/>\n<meta property=\"og:title\" content=\"Trang th\u00f4ng tin \u0111i\u1ec7n t\u1eed t\u1ed5ng h\u1ee3p tr\u00ean m\u1ea1ng C\u1ee5c tr\u1ebb em\" \/>\n<meta property=\"og:url\" content=\"https:\/\/webduc.vinastar.info\/?page_id=4634\" \/>\n<meta property=\"og:site_name\" content=\"Trang th\u00f4ng tin \u0111i\u1ec7n t\u1eed t\u1ed5ng h\u1ee3p tr\u00ean m\u1ea1ng C\u1ee5c tr\u1ebb em\" \/>\n<meta property=\"article:modified_time\" content=\"2024-06-08T04:28:45+00:00\" \/>\n<meta name=\"twitter:card\" content=\"summary_large_image\" \/>\n<meta name=\"twitter:label1\" content=\"\u01af\u1edbc t\u00ednh th\u1eddi gian \u0111\u1ecdc\" \/>\n\t<meta name=\"twitter:data1\" content=\"1 ph\u00fat\" \/>\n<script type=\"application\/ld+json\" class=\"yoast-schema-graph\">{\"@context\":\"https:\/\/schema.org\",\"@graph\":[{\"@type\":\"WebPage\",\"@id\":\"https:\/\/webduc.vinastar.info\/?page_id=4634\",\"url\":\"https:\/\/webduc.vinastar.info\/?page_id=4634\",\"name\":\"Trang th\u00f4ng tin \u0111i\u1ec7n t\u1eed t\u1ed5ng h\u1ee3p tr\u00ean m\u1ea1ng C\u1ee5c tr\u1ebb em\",\"isPartOf\":{\"@id\":\"https:\/\/webduc.vinastar.info\/#website\"},\"datePublished\":\"2023-10-04T07:38:44+00:00\",\"dateModified\":\"2024-06-08T04:28:45+00:00\",\"breadcrumb\":{\"@id\":\"https:\/\/webduc.vinastar.info\/?page_id=4634#breadcrumb\"},\"inLanguage\":\"vi\",\"potentialAction\":[{\"@type\":\"ReadAction\",\"target\":[\"https:\/\/webduc.vinastar.info\/?page_id=4634\"]}]},{\"@type\":\"BreadcrumbList\",\"@id\":\"https:\/\/webduc.vinastar.info\/?page_id=4634#breadcrumb\",\"itemListElement\":[{\"@type\":\"ListItem\",\"position\":1,\"name\":\"Trang ch\u1ee7\",\"item\":\"https:\/\/webduc.vinastar.info\/\"},{\"@type\":\"ListItem\",\"position\":2,\"name\":\"V\u0103n b\u1ea3n\"}]},{\"@type\":\"WebSite\",\"@id\":\"https:\/\/webduc.vinastar.info\/#website\",\"url\":\"https:\/\/webduc.vinastar.info\/\",\"name\":\"Trang th\u00f4ng tin \u0111i\u1ec7n t\u1eed t\u1ed5ng h\u1ee3p tr\u00ean m\u1ea1ng C\u1ee5c tr\u1ebb em\",\"description\":\"\",\"potentialAction\":[{\"@type\":\"SearchAction\",\"target\":{\"@type\":\"EntryPoint\",\"urlTemplate\":\"https:\/\/webduc.vinastar.info\/?s={search_term_string}\"},\"query-input\":\"required name=search_term_string\"}],\"inLanguage\":\"vi\"}]}<\/script>\n<!-- \/ Yoast SEO plugin. -->","yoast_head_json":{"title":"Trang th\u00f4ng tin \u0111i\u1ec7n t\u1eed t\u1ed5ng h\u1ee3p tr\u00ean m\u1ea1ng C\u1ee5c tr\u1ebb em","robots":{"index":"index","follow":"follow","max-snippet":"max-snippet:-1","max-image-preview":"max-image-preview:large","max-video-preview":"max-video-preview:-1"},"canonical":"https:\/\/webduc.vinastar.info\/?page_id=4634","og_locale":"vi_VN","og_type":"article","og_title":"Trang th\u00f4ng tin \u0111i\u1ec7n t\u1eed t\u1ed5ng h\u1ee3p tr\u00ean m\u1ea1ng C\u1ee5c tr\u1ebb em","og_url":"https:\/\/webduc.vinastar.info\/?page_id=4634","og_site_name":"Trang th\u00f4ng tin \u0111i\u1ec7n t\u1eed t\u1ed5ng h\u1ee3p tr\u00ean m\u1ea1ng C\u1ee5c tr\u1ebb em","article_modified_time":"2024-06-08T04:28:45+00:00","twitter_card":"summary_large_image","twitter_misc":{"\u01af\u1edbc t\u00ednh th\u1eddi gian \u0111\u1ecdc":"1 ph\u00fat"},"schema":{"@context":"https:\/\/schema.org","@graph":[{"@type":"WebPage","@id":"https:\/\/webduc.vinastar.info\/?page_id=4634","url":"https:\/\/webduc.vinastar.info\/?page_id=4634","name":"Trang th\u00f4ng tin \u0111i\u1ec7n t\u1eed t\u1ed5ng h\u1ee3p tr\u00ean m\u1ea1ng C\u1ee5c tr\u1ebb em","isPartOf":{"@id":"https:\/\/webduc.vinastar.info\/#website"},"datePublished":"2023-10-04T07:38:44+00:00","dateModified":"2024-06-08T04:28:45+00:00","breadcrumb":{"@id":"https:\/\/webduc.vinastar.info\/?page_id=4634#breadcrumb"},"inLanguage":"vi","potentialAction":[{"@type":"ReadAction","target":["https:\/\/webduc.vinastar.info\/?page_id=4634"]}]},{"@type":"BreadcrumbList","@id":"https:\/\/webduc.vinastar.info\/?page_id=4634#breadcrumb","itemListElement":[{"@type":"ListItem","position":1,"name":"Trang ch\u1ee7","item":"https:\/\/webduc.vinastar.info\/"},{"@type":"ListItem","position":2,"name":"V\u0103n b\u1ea3n"}]},{"@type":"WebSite","@id":"https:\/\/webduc.vinastar.info\/#website","url":"https:\/\/webduc.vinastar.info\/","name":"Trang th\u00f4ng tin \u0111i\u1ec7n t\u1eed t\u1ed5ng h\u1ee3p tr\u00ean m\u1ea1ng C\u1ee5c tr\u1ebb em","description":"","potentialAction":[{"@type":"SearchAction","target":{"@type":"EntryPoint","urlTemplate":"https:\/\/webduc.vinastar.info\/?s={search_term_string}"},"query-input":"required name=search_term_string"}],"inLanguage":"vi"}]}},"_links":{"self":[{"href":"https:\/\/webduc.vinastar.info\/index.php?rest_route=\/wp\/v2\/pages\/4634"}],"collection":[{"href":"https:\/\/webduc.vinastar.info\/index.php?rest_route=\/wp\/v2\/pages"}],"about":[{"href":"https:\/\/webduc.vinastar.info\/index.php?rest_route=\/wp\/v2\/types\/page"}],"author":[{"embeddable":true,"href":"https:\/\/webduc.vinastar.info\/index.php?rest_route=\/wp\/v2\/users\/1"}],"replies":[{"embeddable":true,"href":"https:\/\/webduc.vinastar.info\/index.php?rest_route=%2Fwp%2Fv2%2Fcomments&post=4634"}],"version-history":[{"count":15,"href":"https:\/\/webduc.vinastar.info\/index.php?rest_route=\/wp\/v2\/pages\/4634\/revisions"}],"predecessor-version":[{"id":6376,"href":"https:\/\/webduc.vinastar.info\/index.php?rest_route=\/wp\/v2\/pages\/4634\/revisions\/6376"}],"wp:attachment":[{"href":"https:\/\/webduc.vinastar.info\/index.php?rest_route=%2Fwp%2Fv2%2Fmedia&parent=4634"}],"curies":[{"name":"wp","href":"https:\/\/api.w.org\/{rel}","templated":true}]}}