{"id":510,"date":"2019-03-06T08:02:47","date_gmt":"2019-03-06T08:02:47","guid":{"rendered":"http:\/\/luan.webrt.net\/dhanlighting\/?page_id=510"},"modified":"2024-05-07T07:09:59","modified_gmt":"2024-05-07T07:09:59","slug":"lien-he","status":"publish","type":"page","link":"https:\/\/webduc.vinastar.info\/?page_id=510","title":{"rendered":"Li\u00ean h\u1ec7"},"content":{"rendered":"\t<section class=\"section sec_06\" id=\"section_144915488\">\n\t\t<div class=\"bg section-bg fill bg-fill bg-loaded bg-loaded\" >\n\n\t\t\t\n\t\t\t\n\t\t\t\n\n\t\t<\/div>\n\n\t\t\n\n\t\t<div class=\"section-content relative\">\n\t\t\t\n<div class=\"row row-small\"  id=\"row-1904193289\">\n\n\t<div id=\"col-1816061165\" class=\"col medium-6 small-12 large-6\"  >\n\t\t\t\t<div class=\"col-inner\"  >\n\t\t\t\n\t\t\t\n  <div class=\"block__element_head\">\n              <h2 class=\"heading\">Th\u00f4ng Tin <span>Doanh Nghi\u1ec7p<\/span><\/h2>\n        <div class=\"gt-separate\"><i class=\"fa-regular fa-envelope\"><\/i><\/div>\n        <\/div>\n\n\t<div id=\"text-608611929\" class=\"text\">\n\t\t\n<p style=\"margin-top: 40px;opacity: .8;text-align: center;\">H\u00e3y cho ch\u00fang t\u00f4i bi\u1ebft v\u1ec1 \u00fd t\u01b0\u1edfng v\u00e0 ph\u1ea3n h\u1ed3i c\u1ee7a b\u1ea1n!<\/p>\n<p><strong>Lorem ipsum dolor sit amet, consectetur adipiscing elit, sed do eiusmod tempor incididunt ut labore et dolore magna aliqua.\u00a0Urna molestie at elementum eu facilisis sed. Justo nec ultrices dui sapien eget mi proin.\u00a0Lorem sed risus ultricies tristique nulla aliquet enim tortor at.<\/strong><\/p>\n<p><strong>(+84) 909086880<\/strong><br \/><strong>admin@vnpr.vn<\/strong><br \/><strong>The New Day Palace<\/strong><br \/><strong>150bis \u0110\u01b0\u1eddng L\u00ea Th\u1ecb H\u1ed3ng G\u1ea5m, Ph\u01b0\u1eddng C\u1ea7u \u00d4ng L\u00e3nh, Qu\u1eadn 1,<\/strong><br \/><strong>Th\u00e0nh ph\u1ed1 H\u1ed3 Ch\u00ed Minh<\/strong><\/p>\n<p><strong>Gi\u1edd m\u1edf c\u1eeda:\u00a009:00 \u2013 18:00<\/strong><\/p>\n\t\t\n<style>\n#text-608611929 {\n  color: rgb(34, 34, 34);\n}\n#text-608611929 > * {\n  color: rgb(34, 34, 34);\n}\n<\/style>\n\t<\/div>\n\t\n\t\t<\/div>\n\t\t\t\t\t<\/div>\n\n\t\n\n\t<div id=\"col-207947618\" class=\"col medium-6 small-12 large-6\"  >\n\t\t\t\t<div class=\"col-inner\"  >\n\t\t\t\n\t\t\t\n\n<div class=\"wpcf7 no-js\" id=\"wpcf7-f3267-o1\" lang=\"vi\" dir=\"ltr\">\n<div class=\"screen-reader-response\"><p role=\"status\" aria-live=\"polite\" aria-atomic=\"true\"><\/p> <ul><\/ul><\/div>\n<form action=\"\/index.php?rest_route=%2Fwp%2Fv2%2Fpages%2F510#wpcf7-f3267-o1\" method=\"post\" class=\"wpcf7-form init\" aria-label=\"Form li\u00ean h\u1ec7\" novalidate=\"novalidate\" data-status=\"init\">\n<div style=\"display: none;\">\n<input type=\"hidden\" name=\"_wpcf7\" value=\"3267\" \/>\n<input type=\"hidden\" name=\"_wpcf7_version\" value=\"5.9.3\" \/>\n<input type=\"hidden\" name=\"_wpcf7_locale\" value=\"vi\" \/>\n<input type=\"hidden\" name=\"_wpcf7_unit_tag\" value=\"wpcf7-f3267-o1\" \/>\n<input type=\"hidden\" name=\"_wpcf7_container_post\" value=\"0\" \/>\n<input type=\"hidden\" name=\"_wpcf7_posted_data_hash\" value=\"\" \/>\n<\/div>\n<div class=\"form_dk\">\n\t<div class=\"pn-hd\">\n\t\t<h3 class=\"lbl-title\">LI\u00caN H\u1ec6 CH\u00daNG T\u00d4I\n\t\t<\/h3>\n\t<\/div>\n\t<div class=\"row\">\n\t\t<div class=\"col large-12\">\n\t\t\t<div class=\"input-phone1\">\n\t\t\t\t<p><span class=\"wpcf7-form-control-wrap\" data-name=\"text-01\"><input size=\"40\" class=\"wpcf7-form-control wpcf7-text wpcf7-validates-as-required\" aria-required=\"true\" aria-invalid=\"false\" placeholder=\"T\u00ean doanh nghi\u1ec7p\" value=\"\" type=\"text\" name=\"text-01\" \/><\/span>\n\t\t\t\t<\/p>\n\t\t\t<\/div>\n\t\t<\/div>\n\t\t<div class=\"col large-12\">\n\t\t\t<div class=\"input-phone1\">\n\t\t\t\t<p><span class=\"wpcf7-form-control-wrap\" data-name=\"text-02\"><input size=\"40\" class=\"wpcf7-form-control wpcf7-text\" aria-invalid=\"false\" placeholder=\"Lo\u1ea1i h\u00ecnh kinh doanh\" value=\"\" type=\"text\" name=\"text-02\" \/><\/span>\n\t\t\t\t<\/p>\n\t\t\t<\/div>\n\t\t<\/div>\n\t\t<div class=\"col large-12\">\n\t\t\t<div class=\"input-phone1\">\n\t\t\t\t<p><span class=\"wpcf7-form-control-wrap\" data-name=\"text-03\"><input size=\"40\" class=\"wpcf7-form-control wpcf7-text\" aria-invalid=\"false\" placeholder=\"\u0110\u1ecba ch\u1ec9\" value=\"\" type=\"text\" name=\"text-03\" \/><\/span>\n\t\t\t\t<\/p>\n\t\t\t<\/div>\n\t\t<\/div>\n\t\t<div class=\"col large-12\">\n\t\t\t<div class=\"input-phone1\">\n\t\t\t\t<p><span class=\"wpcf7-form-control-wrap\" data-name=\"email-01\"><input size=\"40\" class=\"wpcf7-form-control wpcf7-email wpcf7-validates-as-required wpcf7-text wpcf7-validates-as-email\" aria-required=\"true\" aria-invalid=\"false\" placeholder=\"Email\" value=\"\" type=\"email\" name=\"email-01\" \/><\/span>\n\t\t\t\t<\/p>\n\t\t\t<\/div>\n\t\t<\/div>\n\t\t<div class=\"col large-12\">\n\t\t\t<div class=\"input-phone1\">\n\t\t\t\t<p><span class=\"wpcf7-form-control-wrap\" data-name=\"phone-01\"><input size=\"40\" class=\"wpcf7-form-control wpcf7-tel wpcf7-validates-as-required wpcf7-text wpcf7-validates-as-tel\" aria-required=\"true\" aria-invalid=\"false\" placeholder=\"S\u1ed1 \u0111i\u1ec7n tho\u1ea1i\" value=\"\" type=\"tel\" name=\"phone-01\" \/><\/span>\n\t\t\t\t<\/p>\n\t\t\t<\/div>\n\t\t<\/div>\n\t\t<div class=\"col large-12\">\n\t\t\t<div class=\"input-phone1\">\n\t\t\t\t<p><input class=\"wpcf7-form-control wpcf7-submit has-spinner\" type=\"submit\" value=\"G\u1eedi\" \/>\n\t\t\t\t<\/p>\n\t\t\t<\/div>\n\t\t<\/div>\n\t<\/div>\n<\/div><div class=\"wpcf7-response-output\" aria-hidden=\"true\"><\/div>\n<\/form>\n<\/div>\n\n\t\t<\/div>\n\t\t\t\t\t<\/div>\n\n\t\n<\/div>\n<div class=\"row row-collapse row-full-width\"  id=\"row-732847954\">\n\n\t<div id=\"col-752030722\" class=\"col small-12 large-12\"  >\n\t\t\t\t<div class=\"col-inner\"  >\n\t\t\t\n\t\t\t\n\n<p><iframe loading=\"lazy\" style=\"border: 0;\" src=\"https:\/\/www.google.com\/maps\/embed?pb=!1m18!1m12!1m3!1d3724.903350657252!2d105.8284044!3d20.996510999999998!2m3!1f0!2f0!3f0!3m2!1i1024!2i768!4f13.1!3m3!1m2!1s0x3135ac8818d3682f%3A0x84f8f1482a690456!2zNDkgUC4gSG_DoG5nIFbEg24gVGjDoWksIEtoxrDGoW5nIE1haSwgVGhhbmggWHXDom4sIEjDoCBO4buZaQ!5e0!3m2!1svi!2s!4v1701228353217!5m2!1svi!2s\" width=\"100%\" height=\"450\" allowfullscreen=\"allowfullscreen\"><\/iframe><br \/>\n\n\t\t<\/div>\n\t\t\t\t\t<\/div>\n\n\t\n<\/div>\n\t\t<\/div>\n\n\t\t\n<style>\n#section_144915488 {\n  padding-top: 50px;\n  padding-bottom: 50px;\n}\n@media (min-width:850px) {\n  #section_144915488 {\n    padding-top: 100px;\n    padding-bottom: 100px;\n  }\n}\n<\/style>\n\t<\/section>\n\t\n","protected":false},"excerpt":{"rendered":"","protected":false},"author":1,"featured_media":0,"parent":0,"menu_order":9,"comment_status":"closed","ping_status":"closed","template":"page-blank.php","meta":{"inline_featured_image":false,"footnotes":""},"yoast_head":"<!-- This site is optimized with the Yoast SEO plugin v22.6 - https:\/\/yoast.com\/wordpress\/plugins\/seo\/ -->\n<title>Trang th\u00f4ng tin \u0111i\u1ec7n t\u1eed t\u1ed5ng h\u1ee3p tr\u00ean m\u1ea1ng C\u1ee5c tr\u1ebb em<\/title>\n<meta name=\"robots\" content=\"index, follow, max-snippet:-1, max-image-preview:large, max-video-preview:-1\" \/>\n<link rel=\"canonical\" href=\"https:\/\/webduc.vinastar.info\/?page_id=510\" \/>\n<meta property=\"og:locale\" content=\"vi_VN\" \/>\n<meta property=\"og:type\" content=\"article\" \/>\n<meta property=\"og:title\" content=\"Trang th\u00f4ng tin \u0111i\u1ec7n t\u1eed t\u1ed5ng h\u1ee3p tr\u00ean m\u1ea1ng C\u1ee5c tr\u1ebb em\" \/>\n<meta property=\"og:url\" content=\"https:\/\/webduc.vinastar.info\/?page_id=510\" \/>\n<meta property=\"og:site_name\" content=\"Trang th\u00f4ng tin \u0111i\u1ec7n t\u1eed t\u1ed5ng h\u1ee3p tr\u00ean m\u1ea1ng C\u1ee5c tr\u1ebb em\" \/>\n<meta property=\"article:modified_time\" content=\"2024-05-07T07:09:59+00:00\" \/>\n<meta name=\"twitter:card\" content=\"summary_large_image\" \/>\n<meta name=\"twitter:label1\" content=\"\u01af\u1edbc t\u00ednh th\u1eddi gian \u0111\u1ecdc\" \/>\n\t<meta name=\"twitter:data1\" content=\"1 ph\u00fat\" \/>\n<script type=\"application\/ld+json\" class=\"yoast-schema-graph\">{\"@context\":\"https:\/\/schema.org\",\"@graph\":[{\"@type\":\"WebPage\",\"@id\":\"https:\/\/webduc.vinastar.info\/?page_id=510\",\"url\":\"https:\/\/webduc.vinastar.info\/?page_id=510\",\"name\":\"Trang th\u00f4ng tin \u0111i\u1ec7n t\u1eed t\u1ed5ng h\u1ee3p tr\u00ean m\u1ea1ng C\u1ee5c tr\u1ebb em\",\"isPartOf\":{\"@id\":\"https:\/\/webduc.vinastar.info\/#website\"},\"datePublished\":\"2019-03-06T08:02:47+00:00\",\"dateModified\":\"2024-05-07T07:09:59+00:00\",\"breadcrumb\":{\"@id\":\"https:\/\/webduc.vinastar.info\/?page_id=510#breadcrumb\"},\"inLanguage\":\"vi\",\"potentialAction\":[{\"@type\":\"ReadAction\",\"target\":[\"https:\/\/webduc.vinastar.info\/?page_id=510\"]}]},{\"@type\":\"BreadcrumbList\",\"@id\":\"https:\/\/webduc.vinastar.info\/?page_id=510#breadcrumb\",\"itemListElement\":[{\"@type\":\"ListItem\",\"position\":1,\"name\":\"Trang ch\u1ee7\",\"item\":\"https:\/\/webduc.vinastar.info\/\"},{\"@type\":\"ListItem\",\"position\":2,\"name\":\"Li\u00ean h\u1ec7\"}]},{\"@type\":\"WebSite\",\"@id\":\"https:\/\/webduc.vinastar.info\/#website\",\"url\":\"https:\/\/webduc.vinastar.info\/\",\"name\":\"Trang th\u00f4ng tin \u0111i\u1ec7n t\u1eed t\u1ed5ng h\u1ee3p tr\u00ean m\u1ea1ng C\u1ee5c tr\u1ebb em\",\"description\":\"\",\"potentialAction\":[{\"@type\":\"SearchAction\",\"target\":{\"@type\":\"EntryPoint\",\"urlTemplate\":\"https:\/\/webduc.vinastar.info\/?s={search_term_string}\"},\"query-input\":\"required name=search_term_string\"}],\"inLanguage\":\"vi\"}]}<\/script>\n<!-- \/ Yoast SEO plugin. -->","yoast_head_json":{"title":"Trang th\u00f4ng tin \u0111i\u1ec7n t\u1eed t\u1ed5ng h\u1ee3p tr\u00ean m\u1ea1ng C\u1ee5c tr\u1ebb em","robots":{"index":"index","follow":"follow","max-snippet":"max-snippet:-1","max-image-preview":"max-image-preview:large","max-video-preview":"max-video-preview:-1"},"canonical":"https:\/\/webduc.vinastar.info\/?page_id=510","og_locale":"vi_VN","og_type":"article","og_title":"Trang th\u00f4ng tin \u0111i\u1ec7n t\u1eed t\u1ed5ng h\u1ee3p tr\u00ean m\u1ea1ng C\u1ee5c tr\u1ebb em","og_url":"https:\/\/webduc.vinastar.info\/?page_id=510","og_site_name":"Trang th\u00f4ng tin \u0111i\u1ec7n t\u1eed t\u1ed5ng h\u1ee3p tr\u00ean m\u1ea1ng C\u1ee5c tr\u1ebb em","article_modified_time":"2024-05-07T07:09:59+00:00","twitter_card":"summary_large_image","twitter_misc":{"\u01af\u1edbc t\u00ednh th\u1eddi gian \u0111\u1ecdc":"1 ph\u00fat"},"schema":{"@context":"https:\/\/schema.org","@graph":[{"@type":"WebPage","@id":"https:\/\/webduc.vinastar.info\/?page_id=510","url":"https:\/\/webduc.vinastar.info\/?page_id=510","name":"Trang th\u00f4ng tin \u0111i\u1ec7n t\u1eed t\u1ed5ng h\u1ee3p tr\u00ean m\u1ea1ng C\u1ee5c tr\u1ebb em","isPartOf":{"@id":"https:\/\/webduc.vinastar.info\/#website"},"datePublished":"2019-03-06T08:02:47+00:00","dateModified":"2024-05-07T07:09:59+00:00","breadcrumb":{"@id":"https:\/\/webduc.vinastar.info\/?page_id=510#breadcrumb"},"inLanguage":"vi","potentialAction":[{"@type":"ReadAction","target":["https:\/\/webduc.vinastar.info\/?page_id=510"]}]},{"@type":"BreadcrumbList","@id":"https:\/\/webduc.vinastar.info\/?page_id=510#breadcrumb","itemListElement":[{"@type":"ListItem","position":1,"name":"Trang ch\u1ee7","item":"https:\/\/webduc.vinastar.info\/"},{"@type":"ListItem","position":2,"name":"Li\u00ean h\u1ec7"}]},{"@type":"WebSite","@id":"https:\/\/webduc.vinastar.info\/#website","url":"https:\/\/webduc.vinastar.info\/","name":"Trang th\u00f4ng tin \u0111i\u1ec7n t\u1eed t\u1ed5ng h\u1ee3p tr\u00ean m\u1ea1ng C\u1ee5c tr\u1ebb em","description":"","potentialAction":[{"@type":"SearchAction","target":{"@type":"EntryPoint","urlTemplate":"https:\/\/webduc.vinastar.info\/?s={search_term_string}"},"query-input":"required name=search_term_string"}],"inLanguage":"vi"}]}},"_links":{"self":[{"href":"https:\/\/webduc.vinastar.info\/index.php?rest_route=\/wp\/v2\/pages\/510"}],"collection":[{"href":"https:\/\/webduc.vinastar.info\/index.php?rest_route=\/wp\/v2\/pages"}],"about":[{"href":"https:\/\/webduc.vinastar.info\/index.php?rest_route=\/wp\/v2\/types\/page"}],"author":[{"embeddable":true,"href":"https:\/\/webduc.vinastar.info\/index.php?rest_route=\/wp\/v2\/users\/1"}],"replies":[{"embeddable":true,"href":"https:\/\/webduc.vinastar.info\/index.php?rest_route=%2Fwp%2Fv2%2Fcomments&post=510"}],"version-history":[{"count":51,"href":"https:\/\/webduc.vinastar.info\/index.php?rest_route=\/wp\/v2\/pages\/510\/revisions"}],"predecessor-version":[{"id":6327,"href":"https:\/\/webduc.vinastar.info\/index.php?rest_route=\/wp\/v2\/pages\/510\/revisions\/6327"}],"wp:attachment":[{"href":"https:\/\/webduc.vinastar.info\/index.php?rest_route=%2Fwp%2Fv2%2Fmedia&parent=510"}],"curies":[{"name":"wp","href":"https:\/\/api.w.org\/{rel}","templated":true}]}}